{"id":12979,"date":"2015-08-17T20:26:23","date_gmt":"2015-08-17T17:26:23","guid":{"rendered":"http:\/\/avaruusasema.com\/blogi\/?page_id=12979"},"modified":"2015-08-17T20:26:38","modified_gmt":"2015-08-17T17:26:38","slug":"tietosuojakaytanto","status":"publish","type":"page","link":"https:\/\/avaruusasema.com\/blogi\/tietosuojakaytanto","title":{"rendered":"Tietosuojak\u00e4yt\u00e4nt\u00f6"},"content":{"rendered":"<p>Sivustolla k\u00e4ytet\u00e4\u00e4n ev\u00e4steit\u00e4 k\u00e4ytettyjen sivujen tunnistamiseen. K\u00e4yt\u00e4mme ev\u00e4steit\u00e4 tarjoamamme sis\u00e4ll\u00f6n ja mainosten r\u00e4\u00e4t\u00e4l\u00f6imiseen, sosiaalisen median ominaisuuksien tukemiseen ja k\u00e4vij\u00e4m\u00e4\u00e4r\u00e4mme analysoimiseen. Jaamme my\u00f6s sosiaalisen median, mainosalan ja analytiikka-alan kumppaneillemme tietoa siit\u00e4, kuinka k\u00e4yt\u00e4t sivustoamme.<\/p>\n<p>Ev\u00e4steet ovat pieni\u00e4 tiedostoja, jotka tallentuvat tietokoneeseen, matkapuhelimeen tai muuhun verkkopalvelun k\u00e4ytt\u00e4j\u00e4n laitteeseen. Ev\u00e4steen perusteella voidaan tunnistaa k\u00e4ytt\u00e4m\u00e4si selain vieraillessasi muilla j\u00e4rjestelm\u00e4\u00e4n liitetyill\u00e4 sivustoilla. Ev\u00e4steiden avulla voidaan tarjota sinulle tarpeitasi entist\u00e4 paremmin vastaavaa sis\u00e4lt\u00f6\u00e4 ker\u00e4\u00e4m\u00e4ll\u00e4 tietoja siit\u00e4, miten k\u00e4yt\u00e4t palveluita, sivustoja ja sovelluksia. Kun k\u00e4yt\u00e4t palveluita verkkoselaimella, voit m\u00e4\u00e4ritt\u00e4\u00e4 k\u00e4ytt\u00e4m\u00e4si selaimen hyv\u00e4ksym\u00e4\u00e4n kaikki ev\u00e4steet, hylk\u00e4\u00e4m\u00e4\u00e4n kaikki ev\u00e4steet tai est\u00e4m\u00e4\u00e4n ev\u00e4steiden k\u00e4yt\u00f6n ev\u00e4stekohtaisesti. K\u00e4ytt\u00e4m\u00e4ll\u00e4 palvelua hyv\u00e4ksyt ev\u00e4steiden ja verkkoj\u00e4ljitteiden k\u00e4yt\u00f6n sek\u00e4 annat luvan ev\u00e4steiden ja verkkoj\u00e4ljitteiden sek\u00e4 n\u00e4iden avulla saatavien selaintottumuksia koskevien tietojen k\u00e4ytt\u00f6\u00f6n.<\/p>\n","protected":false},"excerpt":{"rendered":"<p>Sivustolla k\u00e4ytet\u00e4\u00e4n ev\u00e4steit\u00e4 k\u00e4ytettyjen sivujen tunnistamiseen. K\u00e4yt\u00e4mme ev\u00e4steit\u00e4 tarjoamamme sis\u00e4ll\u00f6n ja mainosten r\u00e4\u00e4t\u00e4l\u00f6imiseen, sosiaalisen median ominaisuuksien tukemiseen ja k\u00e4vij\u00e4m\u00e4\u00e4r\u00e4mme analysoimiseen. Jaamme my\u00f6s sosiaalisen median, mainosalan ja analytiikka-alan kumppaneillemme tietoa siit\u00e4, kuinka k\u00e4yt\u00e4t sivustoamme. Ev\u00e4steet ovat pieni\u00e4 tiedostoja, jotka tallentuvat tietokoneeseen, matkapuhelimeen tai muuhun verkkopalvelun k\u00e4ytt\u00e4j\u00e4n laitteeseen. Ev\u00e4steen perusteella voidaan tunnistaa k\u00e4ytt\u00e4m\u00e4si selain vieraillessasi muilla j\u00e4rjestelm\u00e4\u00e4n [&hellip;]<\/p>\n","protected":false},"author":1,"featured_media":0,"parent":0,"menu_order":0,"comment_status":"closed","ping_status":"closed","template":"","meta":{"_monsterinsights_skip_tracking":false,"_monsterinsights_sitenote_active":false,"_monsterinsights_sitenote_note":"","_monsterinsights_sitenote_category":0,"jetpack_post_was_ever_published":false,"footnotes":""},"class_list":["post-12979","page","type-page","status-publish","hentry"],"jetpack_shortlink":"https:\/\/wp.me\/P3zpFm-3nl","jetpack_sharing_enabled":true,"_links":{"self":[{"href":"https:\/\/avaruusasema.com\/blogi\/wp-json\/wp\/v2\/pages\/12979","targetHints":{"allow":["GET"]}}],"collection":[{"href":"https:\/\/avaruusasema.com\/blogi\/wp-json\/wp\/v2\/pages"}],"about":[{"href":"https:\/\/avaruusasema.com\/blogi\/wp-json\/wp\/v2\/types\/page"}],"author":[{"embeddable":true,"href":"https:\/\/avaruusasema.com\/blogi\/wp-json\/wp\/v2\/users\/1"}],"replies":[{"embeddable":true,"href":"https:\/\/avaruusasema.com\/blogi\/wp-json\/wp\/v2\/comments?post=12979"}],"version-history":[{"count":1,"href":"https:\/\/avaruusasema.com\/blogi\/wp-json\/wp\/v2\/pages\/12979\/revisions"}],"predecessor-version":[{"id":12980,"href":"https:\/\/avaruusasema.com\/blogi\/wp-json\/wp\/v2\/pages\/12979\/revisions\/12980"}],"wp:attachment":[{"href":"https:\/\/avaruusasema.com\/blogi\/wp-json\/wp\/v2\/media?parent=12979"}],"curies":[{"name":"wp","href":"https:\/\/api.w.org\/{rel}","templated":true}]}}